{"id":26,"date":"2024-06-05T03:42:05","date_gmt":"2024-06-05T01:42:05","guid":{"rendered":"https:\/\/onceuponadev.xyz\/?page_id=26"},"modified":"2025-06-24T00:41:18","modified_gmt":"2025-06-23T22:41:18","slug":"a-propos","status":"publish","type":"page","link":"https:\/\/onceuponadev.xyz\/en\/a-propos\/","title":{"rendered":"About"},"content":{"rendered":"<p>Salut \u00e0 tous ! D\u00e9veloppeur web dans les Hauts de Seine, passionn\u00e9 par l&rsquo;art du code et toujours \u00e0 la recherche de nouvelles technologies, je suis ici pour partager avec vous mes d\u00e9couvertes, astuces et tutoriels sur tout ce qui concerne le d\u00e9veloppement web.<\/p>\n\n\n\n<h4 class=\"wp-block-heading\">Who Am I?<\/h4>\n\n\n\n<p>Avec une sp\u00e9cialisation en React.js et une formation en e-commerce, design UI-UX et d\u00e9veloppement front-end, je d\u00e9veloppe des sites web, grave votre identit\u00e9 de marque sur le net, et intervient dans la conception de vos applications React.js. JavaScript est ma langue maternelle, et React ma baguette magique qui transforme de simples id\u00e9es en applications web interactives et captivantes.<\/p>\n\n\n\n<h4 class=\"wp-block-heading\"><\/h4>\n\n\n\n<p>My mission? To make this blog your go-to spot for insights and inspo, whether you're just starting out or you're a seasoned dev looking to level up. I\u2019m all about helping you crack the code on the nuances of programming, catch up with the latest tech trends, and boost your dev skills.<\/p>\n\n\n\n<h4 class=\"wp-block-heading\">What You\u2019ll Find on This Blog<\/h4>\n\n\n\n<ul class=\"wp-block-list\">\n<li><strong>JavaScript and React.js:<\/strong> Dive into detailed explanations and exciting projects featuring my fav tech.<\/li>\n\n\n\n<li><strong>Copywriting for the Web:<\/strong> Snag tips on hooking your audience with words that work.<\/li>\n\n\n\n<li><strong>CSS Tutorials:<\/strong> Learn to style your sites to sleek perfection.<\/li>\n\n\n\n<li><strong>SEO<\/strong> Boost your website\u2019s visibility in search engines.<\/li>\n\n\n\n<li><strong>And a Whole Lot More!<\/strong> Get into discussions on various web dev topics to expand your knowledge and widen your perspectives.<\/li>\n<\/ul>\n\n\n\n<h4 class=\"wp-block-heading\">Over to You!<\/h4>\n\n\n\n<p>Your thoughts and interactions are gold\u2014they truly enrich this blog. I encourage you to drop comments, ask questions, and share your experiences. Every interaction is a chance to grow and learn together.<\/p>\n\n\n\n<p>Massive thanks for stopping by!<\/p>\n\n\n\n<p>Catch me on <a href=\"https:\/\/onceuponadev.com\" target=\"_blank\" rel=\"noopener\">onceuponadev.com<\/a><\/p>\n\n\n\n<div class=\"wp-block-buttons is-content-justification-right is-layout-flex wp-container-core-buttons-is-layout-765c4724 wp-block-buttons-is-layout-flex\"><\/div>\n\n\n\n<p>Oz.<\/p>","protected":false},"excerpt":{"rendered":"<p>Salut \u00e0 tous ! D\u00e9veloppeur web dans les Hauts de Seine, passionn\u00e9 par l&rsquo;art du code et toujours \u00e0 la recherche de nouvelles technologies, je suis ici pour partager avec vous mes d\u00e9couvertes, astuces et tutoriels sur tout ce qui concerne le d\u00e9veloppement web. Qui suis-je ? Avec une sp\u00e9cialisation en React.js et une formation [&hellip;]<\/p>","protected":false},"author":1,"featured_media":0,"parent":0,"menu_order":0,"comment_status":"closed","ping_status":"closed","template":"","meta":{"_monsterinsights_skip_tracking":false,"_monsterinsights_sitenote_active":false,"_monsterinsights_sitenote_note":"","_monsterinsights_sitenote_category":0,"footnotes":""},"class_list":["post-26","page","type-page","status-publish","hentry"],"yoast_head":"<!-- This site is optimized with the Yoast SEO plugin v26.4 - https:\/\/yoast.com\/wordpress\/plugins\/seo\/ -->\n<title>\u00c0 propos - onceuponadev.xyz<\/title>\n<meta name=\"robots\" content=\"index, follow, max-snippet:-1, max-image-preview:large, max-video-preview:-1\" \/>\n<link rel=\"canonical\" href=\"https:\/\/onceuponadev.xyz\/en\/a-propos\/\" \/>\n<meta property=\"og:locale\" content=\"en_US\" \/>\n<meta property=\"og:type\" content=\"article\" \/>\n<meta property=\"og:title\" content=\"\u00c0 propos - onceuponadev.xyz\" \/>\n<meta property=\"og:description\" content=\"Salut \u00e0 tous ! D\u00e9veloppeur web dans les Hauts de Seine, passionn\u00e9 par l&rsquo;art du code et toujours \u00e0 la recherche de nouvelles technologies, je suis ici pour partager avec vous mes d\u00e9couvertes, astuces et tutoriels sur tout ce qui concerne le d\u00e9veloppement web. Qui suis-je ? Avec une sp\u00e9cialisation en React.js et une formation [&hellip;]\" \/>\n<meta property=\"og:url\" content=\"https:\/\/onceuponadev.xyz\/en\/a-propos\/\" \/>\n<meta property=\"og:site_name\" content=\"onceuponadev.xyz\" \/>\n<meta property=\"article:modified_time\" content=\"2025-06-23T22:41:18+00:00\" \/>\n<meta name=\"twitter:card\" content=\"summary_large_image\" \/>\n<meta name=\"twitter:label1\" content=\"Est. reading time\" \/>\n\t<meta name=\"twitter:data1\" content=\"2 minutes\" \/>\n<script type=\"application\/ld+json\" class=\"yoast-schema-graph\">{\"@context\":\"https:\/\/schema.org\",\"@graph\":[{\"@type\":\"WebPage\",\"@id\":\"https:\/\/onceuponadev.xyz\/a-propos\/\",\"url\":\"https:\/\/onceuponadev.xyz\/a-propos\/\",\"name\":\"\u00c0 propos - onceuponadev.xyz\",\"isPartOf\":{\"@id\":\"https:\/\/onceuponadev.xyz\/#website\"},\"datePublished\":\"2024-06-05T01:42:05+00:00\",\"dateModified\":\"2025-06-23T22:41:18+00:00\",\"breadcrumb\":{\"@id\":\"https:\/\/onceuponadev.xyz\/a-propos\/#breadcrumb\"},\"inLanguage\":\"en-US\",\"potentialAction\":[{\"@type\":\"ReadAction\",\"target\":[\"https:\/\/onceuponadev.xyz\/a-propos\/\"]}]},{\"@type\":\"BreadcrumbList\",\"@id\":\"https:\/\/onceuponadev.xyz\/a-propos\/#breadcrumb\",\"itemListElement\":[{\"@type\":\"ListItem\",\"position\":1,\"name\":\"Home\",\"item\":\"https:\/\/onceuponadev.xyz\/\"},{\"@type\":\"ListItem\",\"position\":2,\"name\":\"\u00c0 propos\"}]},{\"@type\":\"WebSite\",\"@id\":\"https:\/\/onceuponadev.xyz\/#website\",\"url\":\"https:\/\/onceuponadev.xyz\/\",\"name\":\"onceuponadev.xyz\",\"description\":\"D\u00e9veloppement web\",\"publisher\":{\"@id\":\"https:\/\/onceuponadev.xyz\/#organization\"},\"potentialAction\":[{\"@type\":\"SearchAction\",\"target\":{\"@type\":\"EntryPoint\",\"urlTemplate\":\"https:\/\/onceuponadev.xyz\/?s={search_term_string}\"},\"query-input\":{\"@type\":\"PropertyValueSpecification\",\"valueRequired\":true,\"valueName\":\"search_term_string\"}}],\"inLanguage\":\"en-US\"},{\"@type\":\"Organization\",\"@id\":\"https:\/\/onceuponadev.xyz\/#organization\",\"name\":\"Once Upon a Dev\",\"url\":\"https:\/\/onceuponadev.xyz\/\",\"logo\":{\"@type\":\"ImageObject\",\"inLanguage\":\"en-US\",\"@id\":\"https:\/\/onceuponadev.xyz\/#\/schema\/logo\/image\/\",\"url\":\"https:\/\/onceuponadev.xyz\/wp-content\/uploads\/2024\/06\/cropped-Screenshot-from-2024-06-11-01-52-04.png\",\"contentUrl\":\"https:\/\/onceuponadev.xyz\/wp-content\/uploads\/2024\/06\/cropped-Screenshot-from-2024-06-11-01-52-04.png\",\"width\":402,\"height\":56,\"caption\":\"Once Upon a Dev\"},\"image\":{\"@id\":\"https:\/\/onceuponadev.xyz\/#\/schema\/logo\/image\/\"},\"sameAs\":[\"https:\/\/www.instagram.com\/onceuponadev\/\",\"https:\/\/www.threads.net\/@onceuponadev\"]}]}<\/script>\n<!-- \/ Yoast SEO plugin. -->","yoast_head_json":{"title":"\u00c0 propos - onceuponadev.xyz","robots":{"index":"index","follow":"follow","max-snippet":"max-snippet:-1","max-image-preview":"max-image-preview:large","max-video-preview":"max-video-preview:-1"},"canonical":"https:\/\/onceuponadev.xyz\/en\/a-propos\/","og_locale":"en_US","og_type":"article","og_title":"\u00c0 propos - onceuponadev.xyz","og_description":"Salut \u00e0 tous ! D\u00e9veloppeur web dans les Hauts de Seine, passionn\u00e9 par l&rsquo;art du code et toujours \u00e0 la recherche de nouvelles technologies, je suis ici pour partager avec vous mes d\u00e9couvertes, astuces et tutoriels sur tout ce qui concerne le d\u00e9veloppement web. Qui suis-je ? Avec une sp\u00e9cialisation en React.js et une formation [&hellip;]","og_url":"https:\/\/onceuponadev.xyz\/en\/a-propos\/","og_site_name":"onceuponadev.xyz","article_modified_time":"2025-06-23T22:41:18+00:00","twitter_card":"summary_large_image","twitter_misc":{"Est. reading time":"2 minutes"},"schema":{"@context":"https:\/\/schema.org","@graph":[{"@type":"WebPage","@id":"https:\/\/onceuponadev.xyz\/a-propos\/","url":"https:\/\/onceuponadev.xyz\/a-propos\/","name":"\u00c0 propos - onceuponadev.xyz","isPartOf":{"@id":"https:\/\/onceuponadev.xyz\/#website"},"datePublished":"2024-06-05T01:42:05+00:00","dateModified":"2025-06-23T22:41:18+00:00","breadcrumb":{"@id":"https:\/\/onceuponadev.xyz\/a-propos\/#breadcrumb"},"inLanguage":"en-US","potentialAction":[{"@type":"ReadAction","target":["https:\/\/onceuponadev.xyz\/a-propos\/"]}]},{"@type":"BreadcrumbList","@id":"https:\/\/onceuponadev.xyz\/a-propos\/#breadcrumb","itemListElement":[{"@type":"ListItem","position":1,"name":"Home","item":"https:\/\/onceuponadev.xyz\/"},{"@type":"ListItem","position":2,"name":"\u00c0 propos"}]},{"@type":"WebSite","@id":"https:\/\/onceuponadev.xyz\/#website","url":"https:\/\/onceuponadev.xyz\/","name":"onceuponadev.xyz","description":"Web Development","publisher":{"@id":"https:\/\/onceuponadev.xyz\/#organization"},"potentialAction":[{"@type":"SearchAction","target":{"@type":"EntryPoint","urlTemplate":"https:\/\/onceuponadev.xyz\/?s={search_term_string}"},"query-input":{"@type":"PropertyValueSpecification","valueRequired":true,"valueName":"search_term_string"}}],"inLanguage":"en-US"},{"@type":"Organization","@id":"https:\/\/onceuponadev.xyz\/#organization","name":"Once Upon a Dev","url":"https:\/\/onceuponadev.xyz\/","logo":{"@type":"ImageObject","inLanguage":"en-US","@id":"https:\/\/onceuponadev.xyz\/#\/schema\/logo\/image\/","url":"https:\/\/onceuponadev.xyz\/wp-content\/uploads\/2024\/06\/cropped-Screenshot-from-2024-06-11-01-52-04.png","contentUrl":"https:\/\/onceuponadev.xyz\/wp-content\/uploads\/2024\/06\/cropped-Screenshot-from-2024-06-11-01-52-04.png","width":402,"height":56,"caption":"Once Upon a Dev"},"image":{"@id":"https:\/\/onceuponadev.xyz\/#\/schema\/logo\/image\/"},"sameAs":["https:\/\/www.instagram.com\/onceuponadev\/","https:\/\/www.threads.net\/@onceuponadev"]}]}},"_links":{"self":[{"href":"https:\/\/onceuponadev.xyz\/en\/wp-json\/wp\/v2\/pages\/26","targetHints":{"allow":["GET"]}}],"collection":[{"href":"https:\/\/onceuponadev.xyz\/en\/wp-json\/wp\/v2\/pages"}],"about":[{"href":"https:\/\/onceuponadev.xyz\/en\/wp-json\/wp\/v2\/types\/page"}],"author":[{"embeddable":true,"href":"https:\/\/onceuponadev.xyz\/en\/wp-json\/wp\/v2\/users\/1"}],"replies":[{"embeddable":true,"href":"https:\/\/onceuponadev.xyz\/en\/wp-json\/wp\/v2\/comments?post=26"}],"version-history":[{"count":8,"href":"https:\/\/onceuponadev.xyz\/en\/wp-json\/wp\/v2\/pages\/26\/revisions"}],"predecessor-version":[{"id":178,"href":"https:\/\/onceuponadev.xyz\/en\/wp-json\/wp\/v2\/pages\/26\/revisions\/178"}],"wp:attachment":[{"href":"https:\/\/onceuponadev.xyz\/en\/wp-json\/wp\/v2\/media?parent=26"}],"curies":[{"name":"wp","href":"https:\/\/api.w.org\/{rel}","templated":true}]}}